{"id":578,"date":"2016-07-21T11:56:53","date_gmt":"2016-07-21T11:56:53","guid":{"rendered":"http:\/\/atlantelinguisticosicilia.it\/cms\/?page_id=578"},"modified":"2024-04-15T08:34:38","modified_gmt":"2024-04-15T08:34:38","slug":"link","status":"publish","type":"page","link":"https:\/\/atlantelinguisticosicilia.it\/cms\/link\/","title":{"rendered":"Link"},"content":{"rendered":"<p><strong><a href=\"https:\/\/atlantelinguisticosicilia.it\/cms\/wp-content\/uploads\/2016\/05\/Logo-Centro-2.bmp\"><img loading=\"lazy\" decoding=\"async\" class=\" wp-image-122 alignleft\" src=\"https:\/\/atlantelinguisticosicilia.it\/cms\/wp-content\/uploads\/2016\/05\/Logo-Centro-2.bmp\" alt=\"Logo Centro 2\" width=\"120\" height=\"109\" \/><\/a>CENTRO DI STUDI FILOLOGICI E LINGUISTICI SICILIANI <a href=\"http:\/\/www.csfls.it\/\" target=\"_blank\" rel=\"noopener\">CSFLS<\/a><\/strong><\/p>\n<p style=\"text-align: justify;\">Il Centro di studi filologici e linguistici siciliani \u00e8 stato fondato nel 1951 per la comune volont\u00e0 dei pi\u00f9 illustri linguisti e filologi siciliani di quegli anni: Ettore Li Gotti, Salvatore Battaglia, Antonino Pagliaro, Giorgio Piccitto, Salvatore Santangelo.<\/p>\n<p style=\"text-align: justify;\">L\u2019atto costitutivo \u00e8 del 15 febbraio 1951, mentre il riconoscimento della personalit\u00e0 giuridica \u00e8 sancito dal Decreto del Presidente della Regione Siciliana del 20 marzo 1951. L\u2019attivit\u00e0 del Centro \u00e8 sostenuta dalla Legge regionale n. 54 del 21 agosto 1984.<\/p>\n<p style=\"text-align: justify;\">L\u2019art. 3 dello Statuto fissa gli obiettivi dell\u2019Associazione:<br \/>\n\u00abIl Centro, a norma dell\u2019atto costitutivo, si propone di promuovere gli studi sul siciliano antico e moderno, considerato in tutti i suoi aspetti e correlazioni, realizzando ogni iniziativa al detto fine attinente. Particolarmente si propone:<\/p>\n<p style=\"text-align: justify;\">a) la pubblicazione di una \u00abCollezione di testi siciliani dei secoli XIV e XV\u00bb;<\/p>\n<p style=\"text-align: justify;\">b) la pubblicazione di un grande vocabolario delle parlate siciliane;<\/p>\n<p style=\"text-align: justify;\">c) la pubblicazione di collane e di ogni altra opera, in cui trovino organica sistemazione le attivit\u00e0 di ricerca nel campo degli studi filologici e linguistici siciliani, programmate dal Consiglio direttivo;<\/p>\n<p style=\"text-align: justify;\">d) la edizione di un \u00abBollettino\u00bb che, oltre ad illustrare i programmi e le attivit\u00e0 del Centro, accolga studi filologici e linguistici riguardanti la Sicilia, nonch\u00e9 l\u2019edizione di eventuali altre pubblicazioni periodiche dirette a illustrare i programmi e le attivit\u00e0 del Centro\u00bb.<\/p>\n<p style=\"text-align: justify;\">Nella non breve storia del Centro di studi filologici e linguistici siciliani \u00e8 possibile cogliere alcuni eventi di specialissimo valore:<\/p>\n<p style=\"text-align: justify;\">&#8211; la pubblicazione dei primi testi antichi siciliani (i due volumi di Poesie, curati da Giuseppe Cusimano nel 1951);<br \/>\n&#8211; l\u2019uscita, nel 1977, del 1\u00b0 volume del <em>Vocabolario siciliano<\/em>, fondato da Giorgio Piccitto, e poi il completamento dell\u2019opera col 5\u00b0 volume del 2002;<br \/>\n&#8211; l\u2019organizzazione di alcuni grandi convegni: quello su Dante e la Magna Curia svoltosi a Palermo, Catania e Messina nel 1965 nel quadro delle celebrazioni del VII centenario della nascita di Dante, e il memorabile XXI Congresso internazionale di Linguistica e Filologia romanza, tenutosi dal 18 al 24 settembre 1995;<br \/>\n&#8211; la pubblicazione dei tre volumi, promossi dal Centro ed editi da Mondadori nella prestigiosa collana \u201cI Meridiani\u201d, dei <em>Poeti della Scuola Siciliana<\/em>, curati da Roberto Antonelli, Costanzo Di Girolamo e Rosario Coluccia.<\/p>\n<p style=\"text-align: justify;\">La rilevantissima produzione editoriale del Centro \u2013 strettamente connessa con la ricerca \u2013 \u00e8 distribuita in dodici collane di carattere filologico, dialettologico, lessicografico e geolinguistico.<\/p>\n<p style=\"text-align: justify;\">Attualmente il Centro \u00e8 impegnato:<br \/>\n\u2022 nel completamento del programma delle pubblicazioni dei testi dei secoli XIV e XV;<br \/>\n\u2022 nell\u2019apertura di un nuovo fronte di impegno filologico, esteso ai testi siciliani dei secoli XVI e XVII;<br \/>\n\u2022 nell\u2019attuazione di un nuovo piano lessicografico, che prevede la pubblicazione di un <em>Vocabolario siciliano conciso<\/em> e di un <em>Vocabolario dell\u2019italiano regionale letterario della Sicilia<\/em>;<br \/>\n\u2022 nella realizzazione del progetto dell\u2019<em>Atlante Linguistico della Sicilia<\/em> (ALS), articolato in monografie, carte linguistiche, lessici dialettali, comprese le variet\u00e0 galloitaliche;<br \/>\n\u2022 nell\u2019arricchimento e fruizione dell\u2019<em>Archivio sonoro delle parlate siciliane<\/em> e dell\u2019<em>Archivio fotografico, iconografico e filmico<\/em>.<br \/>\nUna speciale attenzione verr\u00e0 rivolta al mondo della scuola, per un corretto approccio alla cultura dialettale e alla storia linguistica della Sicilia.<\/p>\n<p style=\"text-align: justify;\">\n<p><a href=\"https:\/\/atlantelinguisticosicilia.it\/cms\/wp-content\/uploads\/2016\/07\/banner-Dialektos.jpg\"><img loading=\"lazy\" decoding=\"async\" class=\"size-full wp-image-593 alignleft\" src=\"https:\/\/atlantelinguisticosicilia.it\/cms\/wp-content\/uploads\/2016\/07\/banner-Dialektos.jpg\" alt=\"\" width=\"190\" height=\"86\" \/><\/a><strong>DI\u00c1LEKTOS &#8211; Lingue e culture in Sicilia &#8211; L&#8217;Universit\u00e0 per la Scuola <a href=\"http:\/\/www.dialektos.it\" target=\"_blank\" rel=\"noopener\">di\u00e1lektos<\/a><\/strong><\/p>\n<div class=\"mod-1\">\n<div class=\"moduletable\">\n<div class=\"module-content\">\n<div class=\"custom\">\n<p class=\"western\" lang=\"it-IT\" style=\"text-align: justify;\" align=\"JUSTIFY\"><strong>D I \u00c1 L E K T O S<\/strong>\u00a0 \u00e8 un buon contrassegno perch\u00e9 esprime ci\u00f2 che intendiamo dire e ci\u00f2 che intendiamo ancora fare, anche dopo l\u2019approvazione della Legge Regionale n. 9 del 31 maggio 2011 (\u00abNorme sulla promozione, valorizzazione ed insegnamento della storia, della letteratura e del patrimonio linguistico siciliano nella scuola\u00bb).<\/p>\n<p class=\"western\" lang=\"it-IT\" style=\"text-align: justify;\" align=\"JUSTIFY\">\n<p class=\"western\" lang=\"it-IT\" style=\"text-align: justify;\" align=\"JUSTIFY\"><strong>Di\u00e1lektos <\/strong>\u00e8 parola greca e signific\u00f2 dapprincipio \u2018conversazione, colloquio, discussione\u2019, secondo la ragione etimologica <em>dial\u00e9gomai<\/em>.<\/p>\n<p style=\"text-align: justify;\"><strong>Di\u00e1lektos <\/strong>intende essere, per l\u2019appunto, uno spazio di informazione, di discussione, di confronto, di sperimentazione. Uno spazio condiviso dagli insegnanti e da quanti \u2013 particolarmente nei Dipartimenti universitari \u2013 conducono ricerche sui temi della dialettologia, della letteratura regionale, della cultura popolare e, pi\u00f9 in generale, dell\u2019educazione linguistica.<\/p>\n<p class=\"western\" lang=\"it-IT\" style=\"text-align: justify;\" align=\"JUSTIFY\">Uno spazio condiviso nel quale tali temi e tali valori vanno considerati come parte integrante della storia sociale, linguistica e letteraria dell\u2019Italia intera.<\/p>\n<\/div>\n<\/div>\n<\/div>\n<\/div>\n<p><a href=\"https:\/\/atlantelinguisticosicilia.it\/cms\/wp-content\/uploads\/2016\/07\/banner-Artesia.jpg\"><img loading=\"lazy\" decoding=\"async\" class=\"size-full wp-image-596 alignleft\" src=\"https:\/\/atlantelinguisticosicilia.it\/cms\/wp-content\/uploads\/2016\/07\/banner-Artesia.jpg\" alt=\"\" width=\"190\" height=\"86\" \/><\/a><strong>ARTESIA &#8211; Archivio Testuale del Siciliano Antico<\/strong><\/p>\n<p><strong><a href=\"http:\/\/www.artesia.unict.it\/\" target=\"_blank\" rel=\"noopener\">ARTESIA UNICT<\/a><\/strong><\/p>\n<p><a href=\"http:\/\/artesia.ovi.cnr.it\/(S(vd0czo55gmhign45kocud245))\/CatForm01.aspx\" target=\"_blank\" rel=\"noopener\"><strong>ARTESIA OVI<\/strong><\/a><\/p>\n<p style=\"text-align: justify;\"><b>ARTESIA<\/b> (Archivio Testuale del Siciliano Antico) vuole essere un articolato strumento di studio sul siciliano medievale.<\/p>\n<p style=\"text-align: justify;\">\n<p style=\"text-align: justify;\"><b>R<\/b>ende accessibile alla lettura (fatti salvi i diritti di copyright) e alla interrogazione, con il programma <a class=\"\" title=\"Corpus Artesia\" href=\"http:\/\/artweb.ovi.cnr.it\/\" target=\"_blank\" rel=\"noopener\">GATTOWEB<\/a>, oltre ad una selezione di documenti, il corpus, filologicamente attendibile e periodicamente aggiornato, dei testi letterari e paraletterari scritti in volgare siciliano dalle prime attestazioni del XIV secolo sino alla prima met\u00e0 del XVI.<\/p>\n<p style=\"text-align: justify;\"><b>F<\/b>ornisce di ogni autore e testo una breve presentazione, in modo da coniugare alle istanze della documentazione un approccio storico-critico che metta in evidenza i rapporti con la tradizione latina e con altre tradizioni testuali romanze (toscana, catalana, etc.).<\/p>\n<p style=\"text-align: justify;\"><b>P<\/b>ubblica in versione elettronica studi e ricerche attinenti, anche indirettamente, al siciliano medievale.<\/p>\n<p style=\"text-align: justify;\"><b>C<\/b>ontribuisce a porre le basi documentarie per la redazione di un Vocabolario del siciliano medievale.<\/p>\n<p style=\"text-align: justify;\"><a href=\"https:\/\/atlantelinguisticosicilia.it\/cms\/wp-content\/uploads\/2016\/07\/logo-unipa-nuovo.jpg\"><img loading=\"lazy\" decoding=\"async\" class=\"wp-image-585 alignnone\" src=\"https:\/\/atlantelinguisticosicilia.it\/cms\/wp-content\/uploads\/2016\/07\/logo-unipa-nuovo-300x300.jpg\" alt=\"\" width=\"120\" height=\"120\" srcset=\"https:\/\/atlantelinguisticosicilia.it\/cms\/wp-content\/uploads\/2016\/07\/logo-unipa-nuovo-300x300.jpg 300w, https:\/\/atlantelinguisticosicilia.it\/cms\/wp-content\/uploads\/2016\/07\/logo-unipa-nuovo-150x150.jpg 150w, https:\/\/atlantelinguisticosicilia.it\/cms\/wp-content\/uploads\/2016\/07\/logo-unipa-nuovo-768x768.jpg 768w, https:\/\/atlantelinguisticosicilia.it\/cms\/wp-content\/uploads\/2016\/07\/logo-unipa-nuovo-1024x1024.jpg 1024w\" sizes=\"auto, (max-width: 120px) 100vw, 120px\" \/><\/a><\/p>\n<p style=\"text-align: justify;\"><strong>UNIVERSIT\u00c0 DEGLI STUDI DI PALERMO <a href=\"http:\/\/www.unipa.it\/\" target=\"_blank\" rel=\"noopener\">UNIPA<\/a><\/strong><\/p>\n<p><strong>DIPARTIMENTO DI SCIENZE UMANISTICHE <a href=\"http:\/\/www.unipa.it\/dipartimenti\/dipartimentoscienzeumanistiche\" target=\"_blank\" rel=\"noopener\">DIPARTIMENTO<\/a><\/strong><\/p>\n<p><a href=\"https:\/\/atlantelinguisticosicilia.it\/cms\/wp-content\/uploads\/2016\/07\/orizzontale-grigio.png\"><img loading=\"lazy\" decoding=\"async\" class=\"wp-image-587 alignnone\" src=\"https:\/\/atlantelinguisticosicilia.it\/cms\/wp-content\/uploads\/2016\/07\/orizzontale-grigio-300x130.png\" alt=\"\" width=\"263\" height=\"120\" \/><\/a><\/p>\n<p style=\"text-align: justify;\"><strong>UNIVERSIT\u00c0 DEGLI STUDI DI CATANIA\u00a0<a href=\"http:\/\/www.unict.it\/\" target=\"_blank\" rel=\"noopener\">UNICT<\/a><\/strong><\/p>\n<p style=\"text-align: justify;\"><strong>DIPARTIMENTO DI SCIENZE UMANISTICHE\u00a0<a href=\"http:\/\/www.disum.unict.it\/\" target=\"_blank\" rel=\"noopener\">DISUM<\/a><\/strong><\/p>\n","protected":false},"excerpt":{"rendered":"<p>CENTRO DI STUDI FILOLOGICI E LINGUISTICI SICILIANI CSFLS Il Centro di studi filologici e linguistici siciliani \u00e8 stato fondato nel 1951 per la comune volont\u00e0 dei pi\u00f9 illustri linguisti e filologi siciliani di quegli anni: Ettore Li Gotti, Salvatore Battaglia, <a class=\"more-link\" href=\"https:\/\/atlantelinguisticosicilia.it\/cms\/link\/\">Leggi tutto <span class=\"screen-reader-text\">  Link<\/span><span class=\"meta-nav\">&rarr;<\/span><\/a><\/p>\n","protected":false},"author":3,"featured_media":0,"parent":0,"menu_order":0,"comment_status":"closed","ping_status":"closed","template":"","meta":{"footnotes":""},"class_list":["post-578","page","type-page","status-publish","hentry"],"yoast_head":"<!-- This site is optimized with the Yoast SEO plugin v26.9 - https:\/\/yoast.com\/product\/yoast-seo-wordpress\/ -->\n<title>Link - Atlante Linguistico della Sicilia<\/title>\n<meta name=\"robots\" content=\"index, follow, max-snippet:-1, max-image-preview:large, max-video-preview:-1\" \/>\n<link rel=\"canonical\" href=\"https:\/\/atlantelinguisticosicilia.it\/cms\/link\/\" \/>\n<meta property=\"og:locale\" content=\"it_IT\" \/>\n<meta property=\"og:type\" content=\"article\" \/>\n<meta property=\"og:title\" content=\"Link - Atlante Linguistico della Sicilia\" \/>\n<meta property=\"og:description\" content=\"CENTRO DI STUDI FILOLOGICI E LINGUISTICI SICILIANI CSFLS Il Centro di studi filologici e linguistici siciliani \u00e8 stato fondato nel 1951 per la comune volont\u00e0 dei pi\u00f9 illustri linguisti e filologi siciliani di quegli anni: Ettore Li Gotti, Salvatore Battaglia, Leggi tutto  Link&rarr;\" \/>\n<meta property=\"og:url\" content=\"https:\/\/atlantelinguisticosicilia.it\/cms\/link\/\" \/>\n<meta property=\"og:site_name\" content=\"Atlante Linguistico della Sicilia\" \/>\n<meta property=\"article:modified_time\" content=\"2024-04-15T08:34:38+00:00\" \/>\n<meta property=\"og:image\" content=\"http:\/\/atlantelinguisticosicilia.it\/cms\/wp-content\/uploads\/2016\/05\/Logo-Centro-2.bmp\" \/>\n<meta name=\"twitter:card\" content=\"summary_large_image\" \/>\n<meta name=\"twitter:label1\" content=\"Tempo di lettura stimato\" \/>\n\t<meta name=\"twitter:data1\" content=\"6 minuti\" \/>\n<script type=\"application\/ld+json\" class=\"yoast-schema-graph\">{\"@context\":\"https:\/\/schema.org\",\"@graph\":[{\"@type\":\"WebPage\",\"@id\":\"https:\/\/atlantelinguisticosicilia.it\/cms\/link\/\",\"url\":\"https:\/\/atlantelinguisticosicilia.it\/cms\/link\/\",\"name\":\"Link - Atlante Linguistico della Sicilia\",\"isPartOf\":{\"@id\":\"https:\/\/atlantelinguisticosicilia.it\/cms\/#website\"},\"primaryImageOfPage\":{\"@id\":\"https:\/\/atlantelinguisticosicilia.it\/cms\/link\/#primaryimage\"},\"image\":{\"@id\":\"https:\/\/atlantelinguisticosicilia.it\/cms\/link\/#primaryimage\"},\"thumbnailUrl\":\"http:\/\/atlantelinguisticosicilia.it\/cms\/wp-content\/uploads\/2016\/05\/Logo-Centro-2.bmp\",\"datePublished\":\"2016-07-21T11:56:53+00:00\",\"dateModified\":\"2024-04-15T08:34:38+00:00\",\"breadcrumb\":{\"@id\":\"https:\/\/atlantelinguisticosicilia.it\/cms\/link\/#breadcrumb\"},\"inLanguage\":\"it-IT\",\"potentialAction\":[{\"@type\":\"ReadAction\",\"target\":[\"https:\/\/atlantelinguisticosicilia.it\/cms\/link\/\"]}]},{\"@type\":\"ImageObject\",\"inLanguage\":\"it-IT\",\"@id\":\"https:\/\/atlantelinguisticosicilia.it\/cms\/link\/#primaryimage\",\"url\":\"http:\/\/atlantelinguisticosicilia.it\/cms\/wp-content\/uploads\/2016\/05\/Logo-Centro-2.bmp\",\"contentUrl\":\"http:\/\/atlantelinguisticosicilia.it\/cms\/wp-content\/uploads\/2016\/05\/Logo-Centro-2.bmp\"},{\"@type\":\"BreadcrumbList\",\"@id\":\"https:\/\/atlantelinguisticosicilia.it\/cms\/link\/#breadcrumb\",\"itemListElement\":[{\"@type\":\"ListItem\",\"position\":1,\"name\":\"Home\",\"item\":\"https:\/\/atlantelinguisticosicilia.it\/cms\/\"},{\"@type\":\"ListItem\",\"position\":2,\"name\":\"Link\"}]},{\"@type\":\"WebSite\",\"@id\":\"https:\/\/atlantelinguisticosicilia.it\/cms\/#website\",\"url\":\"https:\/\/atlantelinguisticosicilia.it\/cms\/\",\"name\":\"Atlante Linguistico della Sicilia\",\"description\":\"A cura del Centro di studi filologici e linguistici siciliani (CSFLS)\",\"publisher\":{\"@id\":\"https:\/\/atlantelinguisticosicilia.it\/cms\/#organization\"},\"potentialAction\":[{\"@type\":\"SearchAction\",\"target\":{\"@type\":\"EntryPoint\",\"urlTemplate\":\"https:\/\/atlantelinguisticosicilia.it\/cms\/?s={search_term_string}\"},\"query-input\":{\"@type\":\"PropertyValueSpecification\",\"valueRequired\":true,\"valueName\":\"search_term_string\"}}],\"inLanguage\":\"it-IT\"},{\"@type\":\"Organization\",\"@id\":\"https:\/\/atlantelinguisticosicilia.it\/cms\/#organization\",\"name\":\"Atlante Linguistico della Sicilia\",\"url\":\"https:\/\/atlantelinguisticosicilia.it\/cms\/\",\"logo\":{\"@type\":\"ImageObject\",\"inLanguage\":\"it-IT\",\"@id\":\"https:\/\/atlantelinguisticosicilia.it\/cms\/#\/schema\/logo\/image\/\",\"url\":\"https:\/\/atlantelinguisticosicilia.it\/cms\/wp-content\/uploads\/2016\/07\/cropped-csfls-logo-1.png\",\"contentUrl\":\"https:\/\/atlantelinguisticosicilia.it\/cms\/wp-content\/uploads\/2016\/07\/cropped-csfls-logo-1.png\",\"width\":76,\"height\":64,\"caption\":\"Atlante Linguistico della Sicilia\"},\"image\":{\"@id\":\"https:\/\/atlantelinguisticosicilia.it\/cms\/#\/schema\/logo\/image\/\"}}]}<\/script>\n<!-- \/ Yoast SEO plugin. -->","yoast_head_json":{"title":"Link - Atlante Linguistico della Sicilia","robots":{"index":"index","follow":"follow","max-snippet":"max-snippet:-1","max-image-preview":"max-image-preview:large","max-video-preview":"max-video-preview:-1"},"canonical":"https:\/\/atlantelinguisticosicilia.it\/cms\/link\/","og_locale":"it_IT","og_type":"article","og_title":"Link - Atlante Linguistico della Sicilia","og_description":"CENTRO DI STUDI FILOLOGICI E LINGUISTICI SICILIANI CSFLS Il Centro di studi filologici e linguistici siciliani \u00e8 stato fondato nel 1951 per la comune volont\u00e0 dei pi\u00f9 illustri linguisti e filologi siciliani di quegli anni: Ettore Li Gotti, Salvatore Battaglia, Leggi tutto  Link&rarr;","og_url":"https:\/\/atlantelinguisticosicilia.it\/cms\/link\/","og_site_name":"Atlante Linguistico della Sicilia","article_modified_time":"2024-04-15T08:34:38+00:00","og_image":[{"url":"http:\/\/atlantelinguisticosicilia.it\/cms\/wp-content\/uploads\/2016\/05\/Logo-Centro-2.bmp","type":"","width":"","height":""}],"twitter_card":"summary_large_image","twitter_misc":{"Tempo di lettura stimato":"6 minuti"},"schema":{"@context":"https:\/\/schema.org","@graph":[{"@type":"WebPage","@id":"https:\/\/atlantelinguisticosicilia.it\/cms\/link\/","url":"https:\/\/atlantelinguisticosicilia.it\/cms\/link\/","name":"Link - Atlante Linguistico della Sicilia","isPartOf":{"@id":"https:\/\/atlantelinguisticosicilia.it\/cms\/#website"},"primaryImageOfPage":{"@id":"https:\/\/atlantelinguisticosicilia.it\/cms\/link\/#primaryimage"},"image":{"@id":"https:\/\/atlantelinguisticosicilia.it\/cms\/link\/#primaryimage"},"thumbnailUrl":"http:\/\/atlantelinguisticosicilia.it\/cms\/wp-content\/uploads\/2016\/05\/Logo-Centro-2.bmp","datePublished":"2016-07-21T11:56:53+00:00","dateModified":"2024-04-15T08:34:38+00:00","breadcrumb":{"@id":"https:\/\/atlantelinguisticosicilia.it\/cms\/link\/#breadcrumb"},"inLanguage":"it-IT","potentialAction":[{"@type":"ReadAction","target":["https:\/\/atlantelinguisticosicilia.it\/cms\/link\/"]}]},{"@type":"ImageObject","inLanguage":"it-IT","@id":"https:\/\/atlantelinguisticosicilia.it\/cms\/link\/#primaryimage","url":"http:\/\/atlantelinguisticosicilia.it\/cms\/wp-content\/uploads\/2016\/05\/Logo-Centro-2.bmp","contentUrl":"http:\/\/atlantelinguisticosicilia.it\/cms\/wp-content\/uploads\/2016\/05\/Logo-Centro-2.bmp"},{"@type":"BreadcrumbList","@id":"https:\/\/atlantelinguisticosicilia.it\/cms\/link\/#breadcrumb","itemListElement":[{"@type":"ListItem","position":1,"name":"Home","item":"https:\/\/atlantelinguisticosicilia.it\/cms\/"},{"@type":"ListItem","position":2,"name":"Link"}]},{"@type":"WebSite","@id":"https:\/\/atlantelinguisticosicilia.it\/cms\/#website","url":"https:\/\/atlantelinguisticosicilia.it\/cms\/","name":"Atlante Linguistico della Sicilia","description":"A cura del Centro di studi filologici e linguistici siciliani (CSFLS)","publisher":{"@id":"https:\/\/atlantelinguisticosicilia.it\/cms\/#organization"},"potentialAction":[{"@type":"SearchAction","target":{"@type":"EntryPoint","urlTemplate":"https:\/\/atlantelinguisticosicilia.it\/cms\/?s={search_term_string}"},"query-input":{"@type":"PropertyValueSpecification","valueRequired":true,"valueName":"search_term_string"}}],"inLanguage":"it-IT"},{"@type":"Organization","@id":"https:\/\/atlantelinguisticosicilia.it\/cms\/#organization","name":"Atlante Linguistico della Sicilia","url":"https:\/\/atlantelinguisticosicilia.it\/cms\/","logo":{"@type":"ImageObject","inLanguage":"it-IT","@id":"https:\/\/atlantelinguisticosicilia.it\/cms\/#\/schema\/logo\/image\/","url":"https:\/\/atlantelinguisticosicilia.it\/cms\/wp-content\/uploads\/2016\/07\/cropped-csfls-logo-1.png","contentUrl":"https:\/\/atlantelinguisticosicilia.it\/cms\/wp-content\/uploads\/2016\/07\/cropped-csfls-logo-1.png","width":76,"height":64,"caption":"Atlante Linguistico della Sicilia"},"image":{"@id":"https:\/\/atlantelinguisticosicilia.it\/cms\/#\/schema\/logo\/image\/"}}]}},"_links":{"self":[{"href":"https:\/\/atlantelinguisticosicilia.it\/cms\/wp-json\/wp\/v2\/pages\/578","targetHints":{"allow":["GET"]}}],"collection":[{"href":"https:\/\/atlantelinguisticosicilia.it\/cms\/wp-json\/wp\/v2\/pages"}],"about":[{"href":"https:\/\/atlantelinguisticosicilia.it\/cms\/wp-json\/wp\/v2\/types\/page"}],"author":[{"embeddable":true,"href":"https:\/\/atlantelinguisticosicilia.it\/cms\/wp-json\/wp\/v2\/users\/3"}],"replies":[{"embeddable":true,"href":"https:\/\/atlantelinguisticosicilia.it\/cms\/wp-json\/wp\/v2\/comments?post=578"}],"version-history":[{"count":21,"href":"https:\/\/atlantelinguisticosicilia.it\/cms\/wp-json\/wp\/v2\/pages\/578\/revisions"}],"predecessor-version":[{"id":14790,"href":"https:\/\/atlantelinguisticosicilia.it\/cms\/wp-json\/wp\/v2\/pages\/578\/revisions\/14790"}],"wp:attachment":[{"href":"https:\/\/atlantelinguisticosicilia.it\/cms\/wp-json\/wp\/v2\/media?parent=578"}],"curies":[{"name":"wp","href":"https:\/\/api.w.org\/{rel}","templated":true}]}}